{"id":140224,"date":"2026-02-14T16:03:29","date_gmt":"2026-02-14T15:03:29","guid":{"rendered":"https:\/\/komputery.pc.pl\/index.php\/produkt\/torba-rowerowa-sakwa-na-kierownice-rockbros-ciemnozielona\/"},"modified":"2026-03-20T19:34:11","modified_gmt":"2026-03-20T18:34:11","slug":"torba-rowerowa-sakwa-na-kierownice-rockbros-ciemnozielona","status":"publish","type":"product","link":"https:\/\/komputery.pc.pl\/index.php\/produkt\/torba-rowerowa-sakwa-na-kierownice-rockbros-ciemnozielona\/","title":{"rendered":"Torba rowerowa, sakwa na kierownice Rockbros, ciemnozielona"},"content":{"rendered":"<p>Torba rowerowa, sakwa na kierownic\u0119\u00a0RockBros Kierownica rowerowa, torba na rami\u0119  Torba rowerowa na kierownic\u0119 &#8211; idealna na codzienne potrzeby Szukasz praktycznej torby rowerowej, kt\u00f3ra pomie\u015bci wszystkie niezb\u0119dne akcesoria? Torba Rockbros to doskona\u0142y wyb\u00f3r! Dzi\u0119ki pojemno\u015bci 2,2 litra zmie\u015bcisz w niej wszystko, czego potrzebujesz podczas jazdy &#8211; od lampki rowerowej po powerbank. Kompaktowy rozmiar i solidna konstrukcja zapewniaj\u0105 wygod\u0119 i funkcjonalno\u015b\u0107, a tr\u00f3jwymiarowa struktura chroni Twoje przedmioty przed zgnieceniem. Kolor producenta:\u00a0Green (ciemnozielony) Przedmiotem sprzeda\u017cy jest torba rowerowa, rzepy do monta\u017cu, regulowany pasek na rami\u0119, pozosta\u0142e akcesoria widoczne na zdj\u0119ciach s\u0142u\u017c\u0105 jedynie przedstawieniu jego funkcjonalno\u015bci. \u00a0  Organizacja na najwy\u017cszym poziomie Zapanuj nad chaosem w swojej torbie rowerowej! Kieszenie boczne z siatki w torbie Rockbros\u00a0to idealne miejsce na s\u0142uchawki, klucze imbusowe i inne drobne przedmioty. Odpinana przednia klamra pozwala na wygodne przechowywanie r\u0119kawiczek czy r\u0119kaw\u00f3w podczas jazdy. Wszystko b\u0119dzie na swoim miejscu, a Ty b\u0119dziesz m\u00f3g\u0142 skupi\u0107 si\u0119 na przyjemno\u015bci z jazdy. \u00a0  Torba na rami\u0119 i rower Potrzebujesz torby, kt\u00f3ra sprawdzi si\u0119 zar\u00f3wno na rowerze, jak i poza nim?\u00a0Torba Rockbros to idealne rozwi\u0105zanie! Z \u0142atwo\u015bci\u0105 zamontujesz j\u0105 na kierownicy, a\u00a0gdy zejdziesz z roweru, mo\u017cesz j\u0105 nosi\u0107 na ramieniu dzi\u0119ki regulowanemu paskowi o d\u0142ugo\u015bci 125 centymetr\u00f3w. To praktyczne rozwi\u0105zanie na szybkie zakupy czy kr\u00f3tki spacer. \u00a0\u00a0\u00a0\u00a0  Bezpiecze\u0144stwo i widoczno\u015b\u0107 dzi\u0119ki odblaskom Twoje bezpiecze\u0144stwo na drodze jest najwa\u017cniejsze. Torba Rockbros zosta\u0142a wyposa\u017cona w odblaski, kt\u00f3re zwi\u0119kszaj\u0105 Twoj\u0105 widoczno\u015b\u0107 podczas nocnych przeja\u017cd\u017cek. Dodatkowo, torba wykonana jest z trwa\u0142ego poliestru, kt\u00f3ry zapewnia jej wytrzyma\u0142o\u015b\u0107 i stylowy wygl\u0105d przez wiele sezon\u00f3w. Ciesz si\u0119 jazd\u0105 na rowerze o ka\u017cdej porze dnia i nocy!  Materia\u0142: poliester Pojemno\u015b\u0107: 2.2l Funkcje dodatkowe: elementy odblaskowe, boczne siatkowe kieszonki, elastyczny sznurek z zatrzaskami, pasek na rami\u0119 Miejsce monta\u017cu: kierownica Spos\u00f3b monta\u017cu: paski rzepowe  \u00a0\u00a0\u00a0\u00a0<\/p>\n","protected":false},"excerpt":{"rendered":"<p>Torba rowerowa, sakwa na kierownic\u0119\u00a0RockBros Kierownica rowerowa, torba na rami\u0119  Torba rowerowa na kierownic\u0119 &#8211; idealna na codzienne potrzeby Szukasz praktycznej torby rowerowej, kt\u00f3ra pomie\u015bci wszystkie niezb\u0119dne akcesoria? Torba Rockbros to doskona\u0142y wyb\u00f3r! Dzi\u0119ki pojemno\u015bci 2,2 litra zmie\u015bcisz w niej wszystko, czego potrzebujesz podczas jazdy &#8211; od lampki rowerowej po powerbank. Kompaktowy rozmiar i solidna konstrukcja zapewniaj\u0105 wygod\u0119 i funkcjonalno\u015b\u0107, a tr\u00f3jwymiarowa struktura chroni Twoje przedmioty przed zgnieceniem. Kolor producenta:\u00a0Green (ciemnozielony) Przedmiotem sprzeda\u017cy jest torba rowerowa, rzepy do monta\u017cu, regulowany pasek na rami\u0119, pozosta\u0142e akcesoria widoczne na zdj\u0119ciach s\u0142u\u017c\u0105 jedynie przedstawieniu jego funkcjonalno\u015bci. \u00a0  Organizacja na najwy\u017cszym poziomie Zapanuj nad chaosem w swojej torbie rowerowej! Kieszenie boczne z siatki w torbie Rockbros\u00a0to idealne miejsce na s\u0142uchawki, klucze imbusowe i inne drobne przedmioty. Odpinana przednia klamra pozwala na wygodne przechowywanie r\u0119kawiczek czy r\u0119kaw\u00f3w podczas jazdy. Wszystko b\u0119dzie na swoim miejscu, a Ty b\u0119dziesz m\u00f3g\u0142 skupi\u0107 si\u0119 na przyjemno\u015bci z jazdy. \u00a0  Torba na rami\u0119 i rower Potrzebujesz torby, kt\u00f3ra sprawdzi si\u0119 zar\u00f3wno na rowerze, jak i poza nim?\u00a0Torba Rockbros to idealne rozwi\u0105zanie! Z \u0142atwo\u015bci\u0105 zamontujesz j\u0105 na kierownicy, a\u00a0gdy zejdziesz z roweru, mo\u017cesz j\u0105 nosi\u0107 na ramieniu dzi\u0119ki regulowanemu paskowi o d\u0142ugo\u015bci 125 centymetr\u00f3w. To praktyczne rozwi\u0105zanie na szybkie zakupy czy kr\u00f3tki spacer. \u00a0\u00a0\u00a0\u00a0  Bezpiecze\u0144stwo i widoczno\u015b\u0107 dzi\u0119ki odblaskom Twoje bezpiecze\u0144stwo na drodze jest najwa\u017cniejsze. Torba Rockbros zosta\u0142a wyposa\u017cona w odblaski, kt\u00f3re zwi\u0119kszaj\u0105 Twoj\u0105 widoczno\u015b\u0107 podczas nocnych przeja\u017cd\u017cek. Dodatkowo, torba wykonana jest z trwa\u0142ego poliestru, kt\u00f3ry zapewnia jej wytrzyma\u0142o\u015b\u0107 i stylowy wygl\u0105d przez wiele sezon\u00f3w. Ciesz si\u0119 jazd\u0105 na rowerze o ka\u017cdej porze dnia i nocy!  Materia\u0142: poliester Pojemno\u015b\u0107: 2.2l Funkcje dodatkowe: elementy odblaskowe, boczne siatkowe kieszonki, elastyczny sznurek z zatrzaskami, pasek na rami\u0119 Miejsce monta\u017cu: kierownica Spos\u00f3b monta\u017cu: paski rzepowe  \u00a0\u00a0\u00a0\u00a0<\/p>\n","protected":false},"featured_media":140225,"comment_status":"open","ping_status":"open","template":"","meta":{"_acf_changed":false,"_monsterinsights_skip_tracking":false,"_monsterinsights_sitenote_active":false,"_monsterinsights_sitenote_note":"","_monsterinsights_sitenote_category":0},"product_brand":[2323],"product_cat":[84],"product_tag":[1565,2826],"class_list":{"0":"post-140224","1":"product","2":"type-product","3":"status-publish","4":"has-post-thumbnail","6":"product_brand-rockbros","7":"product_cat-not-mapped","8":"product_tag-do-roweru","9":"product_tag-sakwy-rowerowe","11":"first","12":"instock","13":"product-type-external"},"acf":[],"aioseo_notices":[],"jetpack_sharing_enabled":true,"_links":{"self":[{"href":"https:\/\/komputery.pc.pl\/index.php\/wp-json\/wp\/v2\/product\/140224","targetHints":{"allow":["GET"]}}],"collection":[{"href":"https:\/\/komputery.pc.pl\/index.php\/wp-json\/wp\/v2\/product"}],"about":[{"href":"https:\/\/komputery.pc.pl\/index.php\/wp-json\/wp\/v2\/types\/product"}],"replies":[{"embeddable":true,"href":"https:\/\/komputery.pc.pl\/index.php\/wp-json\/wp\/v2\/comments?post=140224"}],"wp:featuredmedia":[{"embeddable":true,"href":"https:\/\/komputery.pc.pl\/index.php\/wp-json\/wp\/v2\/media\/140225"}],"wp:attachment":[{"href":"https:\/\/komputery.pc.pl\/index.php\/wp-json\/wp\/v2\/media?parent=140224"}],"wp:term":[{"taxonomy":"product_brand","embeddable":true,"href":"https:\/\/komputery.pc.pl\/index.php\/wp-json\/wp\/v2\/product_brand?post=140224"},{"taxonomy":"product_cat","embeddable":true,"href":"https:\/\/komputery.pc.pl\/index.php\/wp-json\/wp\/v2\/product_cat?post=140224"},{"taxonomy":"product_tag","embeddable":true,"href":"https:\/\/komputery.pc.pl\/index.php\/wp-json\/wp\/v2\/product_tag?post=140224"}],"curies":[{"name":"wp","href":"https:\/\/api.w.org\/{rel}","templated":true}]}}